{"id":52,"date":"2023-10-06T17:09:05","date_gmt":"2023-10-06T15:09:05","guid":{"rendered":"http:\/\/www.dachdecker-heilscher.de\/wordpress\/?page_id=52"},"modified":"2023-10-08T22:03:42","modified_gmt":"2023-10-08T20:03:42","slug":"impressum","status":"publish","type":"page","link":"https:\/\/www.dachdecker-heilscher.de\/wordpress\/impressum\/","title":{"rendered":"Impressum"},"content":{"rendered":"\n<h3 class=\"wp-block-heading\"><\/h3>\n\n\n\n<p>Dachdeckermeister<br>Roberto Heilscher<br>Am Ketzerbach Nr.2<br>01665 Diera-Zehren OT Schieritz<br>Telefon: +49 35247 51238<br>Telefax: +49 35247 51238<br>E-Mail: post(at)dachdecker-heilscher.de<\/p>\n\n\n\n<p>Vertretungsberechtigter Gesellschafter: Roberto Heilscher<\/p>\n\n\n\n<p>Zust\u00e4ndige Kammer: Handwerkskammer Dresden<br>Berufsbezeichnung: Handwerksmeister (verliehen in der Bundesrepublik Deutschland)<\/p>\n\n\n\n<p>Berufsrechtliche Regelungen:<br>Handwerksordnung<br>(Zu finden im Bundesgesetzblatt I, Seite 3074 in der Fassung vom 24. September 1998***)<\/p>\n\n\n\n<p>Umsatzsteuer-Identifikationsnummer gem\u00e4\u00df \u00a7 27 a Umsatzsteuergesetz: DE 20922902942<\/p>\n\n\n\n<p>Inhaltlich Verantwortlicher gem\u00e4\u00df \u00a7 10 Absatz 3 MDStV:<br>Roberto Heilscher (Anschrift wie oben)<\/p>\n\n\n\n<p>***************************************************<\/p>\n\n\n\n<p><strong>Haftung f\u00fcr Inhalte<\/strong><\/p>\n\n\n\n<p>Die Inhalte unserer Seiten wurden mit gr\u00f6\u00dfter Sorgfalt erstellt. F\u00fcr die Richtigkeit, Vollst\u00e4ndigkeit und Aktualit\u00e4t der Inhalte k\u00f6nnen wir jedoch keine Gew\u00e4hr \u00fcbernehmen.<\/p>\n\n\n\n<p>Als Diensteanbieter sind wir gem\u00e4\u00df \u00a7 6 Abs.1 MDStV und \u00a7 8 Abs.1 TDG f\u00fcr eigene Inhalte auf diesen Seiten nach den allgemeinen Gesetzen verantwortlich. Diensteanbieter sind jedoch nicht verpflichtet, die von ihnen \u00fcbermittelten oder gespeicherten fremden Informationen zu \u00fcberwachen oder nach Umst\u00e4nden zu forschen, die auf eine rechtswidrige T\u00e4tigkeit hinweisen. Verpflichtungen zur Entfernung oder Sperrung der Nutzung von Informationen nach den allgemeinen Gesetzen bleiben hiervon unber\u00fchrt. Eine diesbez\u00fcgliche Haftung ist jedoch erst ab dem Zeitpunkt der Kenntnis einer konkreten Rechtsverletzung m\u00f6glich. Bei bekannt werden von entsprechenden Rechtsverletzungen werden wir diese Inhalte umgehend entfernen.<\/p>\n\n\n\n<p><strong>Haftung f\u00fcr Links<\/strong><\/p>\n\n\n\n<p>Unser Angebot enth\u00e4lt Links zu externen Webseiten Dritter, auf deren Inhalte wir keinen Einfluss haben. Deshalb k\u00f6nnen wir f\u00fcr diese fremden Inhalte auch keine Gew\u00e4hr \u00fcbernehmen. F\u00fcr die Inhalte der verlinkten Seiten ist stets der jeweilige Anbieter oder Betreiber der Seiten verantwortlich. Die verlinkten Seiten wurden zum Zeitpunkt der Verlinkung auf m\u00f6gliche Rechtsverst\u00f6\u00dfe \u00fcberpr\u00fcft. Rechtswidrige Inhalte waren zum Zeitpunkt der Verlinkung nicht erkennbar. Eine permanente inhaltliche Kontrolle der verlinkten Seiten ist jedoch ohne konkrete Anhaltspunkte einer Rechtsverletzung nicht zumutbar. Bei bekannt werden von Rechtsverletzungen werden wir derartige Links umgehend entfernen.<\/p>\n\n\n\n<p><strong>Urheberrecht<\/strong><\/p>\n\n\n\n<p>Die Betreiber der Seiten sind bem\u00fcht, stets die Urheberrechte anderer zu beachten bzw. auf selbst erstellte sowie lizenzfreie Werke zur\u00fcckzugreifen.<\/p>\n\n\n\n<p>Die durch die Seitenbetreiber erstellten Inhalte und Werke auf diesen Seiten unterliegen dem deutschen Urheberrecht. Beitr\u00e4ge Dritter sind als solche gekennzeichnet. Die Vervielf\u00e4ltigung, Bearbeitung, Verbreitung und jede Art der Verwertung au\u00dferhalb der Grenzen des Urheberrechtes bed\u00fcrfen der schriftlichen Zustimmung des jeweiligen Autors bzw. Erstellers. Downloads und Kopien dieser Seite sind nur f\u00fcr den privaten, nicht kommerziellen Gebrauch gestattet.<\/p>\n\n\n\n<p>Quelle:&nbsp;<a href=\"https:\/\/web.archive.org\/web\/20211017153121\/http:\/\/www.e-recht24.de\/muster-disclaimer.htm\">Disclaimer<\/a>&nbsp;von eRecht24.de dem Informationsportal zum&nbsp;<a href=\"https:\/\/web.archive.org\/web\/20211017153121\/http:\/\/www.e-recht24.de\/\">Internetrecht<\/a><\/p>\n","protected":false},"excerpt":{"rendered":"<p>DachdeckermeisterRoberto HeilscherAm Ketzerbach Nr.201665 Diera-Zehren OT SchieritzTelefon: +49 35247 51238Telefax: +49 35247 51238E-Mail: post(at)dachdecker-heilscher.de Vertretungsberechtigter Gesellschafter: Roberto Heilscher Zust\u00e4ndige Kammer: Handwerkskammer DresdenBerufsbezeichnung: Handwerksmeister (verliehen in der Bundesrepublik Deutschland) Berufsrechtliche Regelungen:Handwerksordnung(Zu finden im Bundesgesetzblatt I, Seite 3074 in der Fassung vom 24. September 1998***) Umsatzsteuer-Identifikationsnummer gem\u00e4\u00df \u00a7 27 a Umsatzsteuergesetz: DE 20922902942 Inhaltlich Verantwortlicher gem\u00e4\u00df \u00a7 &hellip; <\/p>\n<p class=\"link-more\"><a href=\"https:\/\/www.dachdecker-heilscher.de\/wordpress\/impressum\/\" class=\"more-link\"><span class=\"screen-reader-text\">\u201eImpressum\u201c <\/span>weiterlesen<\/a><\/p>\n","protected":false},"author":1,"featured_media":0,"parent":0,"menu_order":0,"comment_status":"closed","ping_status":"closed","template":"","meta":{"footnotes":""},"class_list":["post-52","page","type-page","status-publish","hentry"],"_links":{"self":[{"href":"https:\/\/www.dachdecker-heilscher.de\/wordpress\/wp-json\/wp\/v2\/pages\/52","targetHints":{"allow":["GET"]}}],"collection":[{"href":"https:\/\/www.dachdecker-heilscher.de\/wordpress\/wp-json\/wp\/v2\/pages"}],"about":[{"href":"https:\/\/www.dachdecker-heilscher.de\/wordpress\/wp-json\/wp\/v2\/types\/page"}],"author":[{"embeddable":true,"href":"https:\/\/www.dachdecker-heilscher.de\/wordpress\/wp-json\/wp\/v2\/users\/1"}],"replies":[{"embeddable":true,"href":"https:\/\/www.dachdecker-heilscher.de\/wordpress\/wp-json\/wp\/v2\/comments?post=52"}],"version-history":[{"count":4,"href":"https:\/\/www.dachdecker-heilscher.de\/wordpress\/wp-json\/wp\/v2\/pages\/52\/revisions"}],"predecessor-version":[{"id":129,"href":"https:\/\/www.dachdecker-heilscher.de\/wordpress\/wp-json\/wp\/v2\/pages\/52\/revisions\/129"}],"wp:attachment":[{"href":"https:\/\/www.dachdecker-heilscher.de\/wordpress\/wp-json\/wp\/v2\/media?parent=52"}],"curies":[{"name":"wp","href":"https:\/\/api.w.org\/{rel}","templated":true}]}}